{"id":65,"date":"2023-03-01T22:01:08","date_gmt":"2023-03-02T01:01:08","guid":{"rendered":"https:\/\/www.rioverde.go.gov.br\/habitacao-e-regularizacao-fundiaria\/?page_id=65"},"modified":"2026-03-19T15:03:17","modified_gmt":"2026-03-19T18:03:17","slug":"casas-a-custo-zero","status":"publish","type":"page","link":"https:\/\/novosite.rioverde.go.gov.br\/habitacao-e-regularizacao-fundiaria\/casas-a-custo-zero\/","title":{"rendered":"Casas a Custo Zero"},"content":{"rendered":"\n<div class=\"wp-block-group has-white-background-color has-background is-layout-constrained wp-container-core-group-is-layout-58759eb2 wp-block-group-is-layout-constrained\" style=\"border-top-left-radius:10px;border-top-right-radius:10px;border-bottom-left-radius:10px;border-bottom-right-radius:10px;padding-top:3.2rem;padding-right:3.2rem;padding-bottom:3.2rem;padding-left:3.2rem\">\n<div class=\"wp-block-group is-layout-constrained wp-block-group-is-layout-constrained\">\n<p>Rio Verde foi contemplada no programa do governo do estado &#8211; Pra Ter onde Morar &#8211; Casas a Custo Zero. Esta \u00e9 mais uma parceria em que a prefeitura colocou \u00e0 disposi\u00e7\u00e3o toda a infraestrutura e doou os lotes e o governo do estado executa a constru\u00e7\u00e3o das casas.<\/p>\n\n\n\n<p>A Ag\u00eancia Goiana de Habita\u00e7\u00e3o (Agehab) divulgou na segunda-feira (27\/02) o edital que trata das regras para inscri\u00e7\u00e3o, sele\u00e7\u00e3o, sorteio e aprova\u00e7\u00e3o das fam\u00edlias em situa\u00e7\u00e3o de vulnerabilidade social e econ\u00f4mica, cuja renda n\u00e3o ultrapasse 1 (um) sal\u00e1rio m\u00ednimo.<\/p>\n\n\n\n<p>Ser\u00e3o 50 casas no total. Na primeira etapa, ser\u00e3o entregues 30 unidades. As outras 20 casas ainda aguardam a libera\u00e7\u00e3o do fornecimento de \u00e1gua pela Saneago.<\/p>\n\n\n\n<p>Assim que o processo estiver conclu\u00eddo, e forem regularizadas, tamb\u00e9m ser\u00e3o repassadas \u00e0s outras fam\u00edlias benefici\u00e1rias.<\/p>\n<\/div>\n\n\n\n<div class=\"wp-block-columns is-layout-flex wp-container-core-columns-is-layout-430f08e6 wp-block-columns-is-layout-flex\">\n<div class=\"wp-block-column is-layout-flow wp-block-column-is-layout-flow\">\n<div class=\"wp-block-buttons is-layout-flex wp-block-buttons-is-layout-flex\">\n<div class=\"wp-block-button has-custom-width wp-block-button__width-100\"><a class=\"wp-block-button__link has-20-font-size has-custom-font-size wp-element-button\" href=\"https:\/\/www.agehab.go.gov.br\/agehab\/premiacoes\/2-institucional\/3873-casas-a-custo-zero-rioverde.html\" style=\"border-top-left-radius:10px;border-top-right-radius:10px;border-bottom-left-radius:10px;border-bottom-right-radius:10px\" target=\"_blank\" rel=\"noreferrer noopener\"><strong>Acesse aqui o edital do programa<\/strong><\/a><\/div>\n<\/div>\n<\/div>\n\n\n\n<div class=\"wp-block-column is-layout-flow wp-block-column-is-layout-flow\">\n<div class=\"wp-block-buttons is-layout-flex wp-block-buttons-is-layout-flex\">\n<div class=\"wp-block-button has-custom-width wp-block-button__width-100 is-style-fill\"><a class=\"wp-block-button__link has-20-font-size has-custom-font-size wp-element-button\" href=\"http:\/\/sicap.agehab.go.gov.br\/Account\/LoginSemGuid\" style=\"border-top-left-radius:10px;border-top-right-radius:10px;border-bottom-left-radius:10px;border-bottom-right-radius:10px\" target=\"_blank\" rel=\"noreferrer noopener\"><strong>Fa\u00e7a sua inscri\u00e7\u00e3o<\/strong><\/a><\/div>\n<\/div>\n<\/div>\n<\/div>\n\n\n\n<div class=\"wp-block-group is-layout-constrained wp-block-group-is-layout-constrained\">\n<p>Para mais informa\u00e7\u00f5es, acesse o edital no site:&nbsp;<a href=\"https:\/\/www.agehab.go.gov.br\/\">https:\/\/www.agehab.go.gov.br\/<\/a>&nbsp;ou entre em contato na Secretaria Municipal de Habita\u00e7\u00e3o e Regulariza\u00e7\u00e3o Fundi\u00e1ria pelo (64) 98152-0320 \/(64) 9 8152-0483\/ (64) 9 8152-1132<\/p>\n\n\n\n<p><\/p>\n<\/div>\n<\/div>\n","protected":false},"excerpt":{"rendered":"","protected":false},"author":3,"featured_media":0,"parent":0,"menu_order":0,"comment_status":"closed","ping_status":"closed","template":"","meta":{"_acf_changed":false,"custom_icon_class":"","footnotes":""},"class_list":["post-65","page","type-page","status-publish","hentry"],"acf":[],"custom_icon_class":false,"tax_custom_icon_class":false,"default_custom_icon_class":"nmi-round-wysiwyg","singularTaxonomy":"P\u00e1gina","_links":{"self":[{"href":"https:\/\/novosite.rioverde.go.gov.br\/habitacao-e-regularizacao-fundiaria\/wp-json\/wp\/v2\/pages\/65","targetHints":{"allow":["GET"]}}],"collection":[{"href":"https:\/\/novosite.rioverde.go.gov.br\/habitacao-e-regularizacao-fundiaria\/wp-json\/wp\/v2\/pages"}],"about":[{"href":"https:\/\/novosite.rioverde.go.gov.br\/habitacao-e-regularizacao-fundiaria\/wp-json\/wp\/v2\/types\/page"}],"author":[{"embeddable":true,"href":"https:\/\/novosite.rioverde.go.gov.br\/habitacao-e-regularizacao-fundiaria\/wp-json\/wp\/v2\/users\/3"}],"replies":[{"embeddable":true,"href":"https:\/\/novosite.rioverde.go.gov.br\/habitacao-e-regularizacao-fundiaria\/wp-json\/wp\/v2\/comments?post=65"}],"version-history":[{"count":10,"href":"https:\/\/novosite.rioverde.go.gov.br\/habitacao-e-regularizacao-fundiaria\/wp-json\/wp\/v2\/pages\/65\/revisions"}],"predecessor-version":[{"id":112,"href":"https:\/\/novosite.rioverde.go.gov.br\/habitacao-e-regularizacao-fundiaria\/wp-json\/wp\/v2\/pages\/65\/revisions\/112"}],"wp:attachment":[{"href":"https:\/\/novosite.rioverde.go.gov.br\/habitacao-e-regularizacao-fundiaria\/wp-json\/wp\/v2\/media?parent=65"}],"curies":[{"name":"wp","href":"https:\/\/api.w.org\/{rel}","templated":true}]}}